{"id":511,"date":"2024-07-29T17:24:12","date_gmt":"2024-07-29T17:24:12","guid":{"rendered":"https:\/\/sentiersdunepal.com\/?page_id=511"},"modified":"2024-08-25T15:06:40","modified_gmt":"2024-08-25T15:06:40","slug":"terms-and-conditions","status":"publish","type":"page","link":"https:\/\/sentiersdunepal.com\/fr\/terms-and-conditions\/","title":{"rendered":"Condition G\u00e8n\u00e8rals"},"content":{"rendered":"<div data-elementor-type=\"wp-page\" data-elementor-id=\"511\" class=\"elementor elementor-511\">\n\t\t\t\t<div class=\"elementor-element elementor-element-4d30211f e-flex e-con-boxed e-con e-parent\" data-id=\"4d30211f\" data-element_type=\"container\">\n\t\t\t\t\t<div class=\"e-con-inner\">\n\t\t\t\t<div class=\"elementor-element elementor-element-5d5927f4 elementor-widget elementor-widget-text-editor\" data-id=\"5d5927f4\" data-element_type=\"widget\" data-widget_type=\"text-editor.default\">\n\t\t\t\t<div class=\"elementor-widget-container\">\n\t\t\t<style>\/*! elementor - v3.22.0 - 26-06-2024 *\/\n.elementor-widget-text-editor.elementor-drop-cap-view-stacked .elementor-drop-cap{background-color:#69727d;color:#fff}.elementor-widget-text-editor.elementor-drop-cap-view-framed .elementor-drop-cap{color:#69727d;border:3px solid;background-color:transparent}.elementor-widget-text-editor:not(.elementor-drop-cap-view-default) .elementor-drop-cap{margin-top:8px}.elementor-widget-text-editor:not(.elementor-drop-cap-view-default) .elementor-drop-cap-letter{width:1em;height:1em}.elementor-widget-text-editor .elementor-drop-cap{float:left;text-align:center;line-height:1;font-size:50px}.elementor-widget-text-editor .elementor-drop-cap-letter{display:inline-block}<\/style>\t\t\t\t<!-- wp:heading {\"level\":3} -->\n<h3 class=\"wp-block-heading\"><strong>R\u00c9SERVATIONS, ACOMPTES ET PAIEMENTS<\/strong><\/h3>\n<!-- \/wp:heading --><!-- wp:paragraph -->\n<p>Pour garantir votre participation, un acompte de 25 % est requis au moment de la r\u00e9servation. Un paiement suppl\u00e9mentaire de 50 % est d\u00fb 90 jours avant la date de d\u00e9but du voyage, avec les 25 % restants \u00e0 r\u00e9gler \u00e0 votre arriv\u00e9e au N\u00e9pal. Pour les r\u00e9servations effectu\u00e9es dans les 90 jours pr\u00e9c\u00e9dant le d\u00e9part, un acompte de 75 % est n\u00e9cessaire, le solde de 25 % \u00e9tant d\u00fb \u00e0 l\u2019arriv\u00e9e. Si des permis sp\u00e9ciaux sont requis, 100 % des frais de permis doivent \u00eatre pay\u00e9s 90 jours avant le d\u00e9but du voyage.<\/p>\n<!-- \/wp:paragraph --><!-- wp:heading {\"level\":3} -->\n<h3 class=\"wp-block-heading\"><strong>PRIX, TARIFS ET FRAIS<\/strong><\/h3>\n<!-- \/wp:heading --><!-- wp:paragraph -->\n<p>Tous les prix des circuits sont bas\u00e9s sur un minimum de deux passagers voyageant ensemble. Les tarifs en occupation individuelle s'appliquent pour un minimum de deux personnes voyageant ensemble, chacune dans une chambre individuelle. Pour les voyageurs seuls, les prix de Voyageur Seul (STA) seront applicables. Tous les prix indiqu\u00e9s sont en USD et peuvent varier en fonction des taux de change et des modifications des taxes ou droits gouvernementaux. Sentiers du N\u00e9pal Pvt. Ltd se r\u00e9serve le droit d\u2019ajuster les prix en cons\u00e9quence.<\/p>\n<!-- \/wp:paragraph --><!-- wp:heading {\"level\":3} -->\n<h3 class=\"wp-block-heading\"><strong><strong>ASSURANCE<\/strong><\/strong><\/h3>\n<!-- \/wp:heading --><!-- wp:paragraph -->\n<p>Sentiers du N\u00e9pal Pvt. Ltd recommande un Programme de Protection Voyage pour tous les clients, couvrant les urgences m\u00e9dicales avant ou pendant votre voyage, ainsi que des options de couverture suppl\u00e9mentaires.<\/p>\n<!-- \/wp:paragraph --><!-- wp:heading {\"level\":3} -->\n<h3 class=\"wp-block-heading\"><strong><strong>FRAIS DE R\u00c9VISION<\/strong><\/strong><\/h3>\n<!-- \/wp:heading --><!-- wp:paragraph -->\n<p>Des frais de gestion seront factur\u00e9s pour toute modification apport\u00e9e \u00e0 une r\u00e9servation existante. Les corrections orthographiques des noms apr\u00e8s l'\u00e9mission du billet entra\u00eeneront des frais de r\u00e9vision de la compagnie a\u00e9rienne. Les frais de livraison par coursier s'appliqueront pour les modifications effectu\u00e9es dans les cinq semaines pr\u00e9c\u00e9dant le d\u00e9part. Les changements de date ou d'itin\u00e9raire dans les 30 jours pr\u00e9c\u00e9dant le d\u00e9part entra\u00eeneront des frais suppl\u00e9mentaires.<\/p>\n<!-- \/wp:paragraph --><!-- wp:heading {\"level\":3} -->\n<h3 class=\"wp-block-heading\"><strong><strong><strong>H\u00c9BERGEMENTS<\/strong><\/strong><\/strong><\/h3>\n<!-- \/wp:heading --><!-- wp:paragraph -->\n<p>Les h\u00e9bergements seront fournis sur la base d'une occupation double dans les propri\u00e9t\u00e9s sp\u00e9cifi\u00e9es ou similaires. L'attribution des chambres est \u00e0 la discr\u00e9tion des h\u00f4tels, en fonction de la cat\u00e9gorie sp\u00e9cifi\u00e9e dans l'itin\u00e9raire. Les tarifs sont bas\u00e9s sur une occupation double. Les personnes occupant une chambre simple, par choix ou par circonstance, devront payer le suppl\u00e9ment pour chambre simple.<\/p>\n<!-- \/wp:paragraph --><!-- wp:heading {\"level\":3} -->\n<h3 class=\"wp-block-heading\"><strong><strong>REPAS<\/strong><\/strong><\/h3>\n<!-- \/wp:heading --><!-- wp:paragraph -->\n<p>Les repas sont inclus comme sp\u00e9cifi\u00e9 dans l'itin\u00e9raire. Des options \u00e0 la carte et buffet sont disponibles, avec des repas sp\u00e9ciaux et des divertissements organis\u00e9s selon l'itin\u00e9raire. Dans les r\u00e9gions \u00e9loign\u00e9es et montagneuses, les repas seront basiques et simples.<\/p>\n<!-- \/wp:paragraph --><!-- wp:heading {\"level\":3} -->\n<h3 class=\"wp-block-heading\"><strong><strong>SERVICES DE VISITES TOURISTIQUES &amp; CIRCUITS TERRESTRES<\/strong><\/strong><\/h3>\n<!-- \/wp:heading --><!-- wp:paragraph -->\n<p>Les visites et transferts seront effectu\u00e9s en voiture, van, minibus ou autocar, en fonction du nombre de participants. Les v\u00e9hicules seront climatis\u00e9s lorsque cela est n\u00e9cessaire et disponible, selon la nature du terrain et comme indiqu\u00e9 dans l'itin\u00e9raire.<\/p>\n<!-- \/wp:paragraph --><!-- wp:heading {\"level\":3} -->\n<h3 class=\"wp-block-heading\"><strong><strong>CLAUSE A\u00c9RIENNE<\/strong><\/strong><\/h3>\n<!-- \/wp:heading --><!-- wp:paragraph -->\n<p>Les compagnies a\u00e9riennes associ\u00e9es aux tours et vacances pr\u00e9sent\u00e9s sur ce site ne sont pas responsables des actes, omissions ou \u00e9v\u00e9nements survenant lorsque les passagers ne sont pas \u00e0 bord de leurs avions. Les billets et confirmations \u00e9mis par la compagnie a\u00e9rienne constituent le seul contrat entre la compagnie a\u00e9rienne et les passagers. Les tarifs a\u00e9riens int\u00e9rieurs et les horaires de vol au N\u00e9pal sont susceptibles de changer sans pr\u00e9avis, et les r\u00e9servations de vol ne sont valides qu'avec une copie du passeport du passager.<\/p>\n<!-- \/wp:paragraph --><!-- wp:heading {\"level\":3} -->\n<h3 class=\"wp-block-heading\"><strong><strong>MANUTENTION DES BAGAGES<\/strong><\/strong><\/h3>\n<!-- \/wp:heading --><!-- wp:paragraph -->\n<p>Il est recommand\u00e9 aux voyageurs d'emporter une valise de taille standard et une petite valise. Les franchises de bagages pour les vols int\u00e9rieurs sont soumises aux r\u00e8gles et r\u00e9glementations sp\u00e9cifiques du transporteur. Les bagages et effets personnels sont \u00e0 la charge du propri\u00e9taire tout au long du voyage, et une assurance bagages est recommand\u00e9e. La responsabilit\u00e9 du transporteur pour les bagages est stipul\u00e9e dans le contrat de passager et les termes et conditions de la compagnie a\u00e9rienne. La responsabilit\u00e9 pour les bagages enregistr\u00e9s et non enregistr\u00e9s ne d\u00e9passera pas la perte r\u00e9elle encourue, sous r\u00e9serve de preuve du montant de la perte.<\/p>\n<!-- \/wp:paragraph --><!-- wp:heading {\"level\":3} -->\n<h3 class=\"wp-block-heading\"><strong><strong>EXCLUSIONS DU PRIX DU TOUR<\/strong><\/strong><\/h3>\n<!-- \/wp:heading --><!-- wp:paragraph -->\n<p>Les prix des tours n'incluent pas : le transport a\u00e9rien (sauf sp\u00e9cification), les frais de passeport, les frais de visa, les frais d'eTA, les inoculations, vaccinations, certificats de sant\u00e9, taxes d'a\u00e9roport, les articles personnels, y compris les boissons alcoolis\u00e9es, les repas non sp\u00e9cifi\u00e9s, les pourboires, les frais de bagages exc\u00e9dentaires, l'assurance (annulation, sant\u00e9, dommages, bagages), les transferts priv\u00e9s et tout article non sp\u00e9cifiquement mentionn\u00e9 comme inclus.<\/p>\n<!-- \/wp:paragraph --><!-- wp:heading {\"level\":3} -->\n<h3 class=\"wp-block-heading\"><strong><strong>PHOTOGRAPHIE<\/strong><\/strong><\/h3>\n<!-- \/wp:heading --><!-- wp:paragraph -->\n<p>Sentiers du Nepal Pvt. Ltd se r\u00e9serve le droit de prendre des photographies pendant tout programme et de les utiliser \u00e0 des fins promotionnelles. Les passagers qui pr\u00e9f\u00e8rent ne pas voir leur image utilis\u00e9e doivent en informer leur responsable de voyage.<\/p>\n<!-- \/wp:paragraph --><!-- wp:heading {\"level\":3} -->\n<h3 class=\"wp-block-heading\"><strong>RESPONSABILIT\u00c9 - LIMITATION DE RESPONSABILIT\u00c9<\/strong><\/h3>\n<!-- \/wp:heading --><!-- wp:paragraph -->\n<p>Sentiers du Nepal Pvt. Ltd agit en tant qu'agent pour les h\u00f4tels, compagnies a\u00e9riennes, entreprises de transport ou fournisseurs offrant des services aux clients. En tant qu'agent, nous ne sommes pas responsables des blessures personnelles, des dommages mat\u00e9riels ou d'autres r\u00e9clamations dues \u00e0 (1) des actions ou omissions de fournisseurs ind\u00e9pendants, (2) des d\u00e9fauts ou pannes de tout navire, a\u00e9ronef, v\u00e9hicule ou instrument sous le contr\u00f4le de fournisseurs ind\u00e9pendants, (3) des pertes, blessures ou dommages r\u00e9sultant de cas de force majeure, dangers, incendies, pannes d'\u00e9quipement, guerres, terrorisme, hostilit\u00e9s, troubles civils, gr\u00e8ves, \u00e9meutes, vols, \u00e9pid\u00e9mies m\u00e9dicales, fermetures de destinations, quarantaines, r\u00e9glementations douani\u00e8res, d\u00e9fauts, retards, annulations ou modifications d'itin\u00e9raire en raison de changements d'horaire ou d'autres causes \u00e9chappant \u00e0 notre contr\u00f4le. Sentiers du Nepal Pvt. Ltd n'est pas responsable des pertes ou dommages dus \u00e0 des passeports, visas ou documents l\u00e9gaux insuffisants ou mal \u00e9mis. Tous les documents \u00e9mis par nos soins sont soumis aux tarifs, termes et conditions selon lesquels les services sont fournis par les fournisseurs.<\/p>\n<!-- \/wp:paragraph --><!-- wp:heading {\"level\":3} -->\n<h3 class=\"wp-block-heading\"><strong>R\u00c9SERVATION DES DROITS<\/strong><\/h3>\n<!-- \/wp:heading --><!-- wp:paragraph -->\n<p>Sentiers du Nepal Pvt. Ltd se r\u00e9serve le droit de (1) annuler tout itin\u00e9raire ou une partie de celui-ci, (2) apporter des modifications \u00e0 l'itin\u00e9raire, y compris des substitutions d'h\u00f4tels, et (3) refuser d'accepter ou de conserver tout passager si cela est jug\u00e9 n\u00e9cessaire pour le bon d\u00e9roulement du voyage ou pour le bien-\u00eatre des autres passagers. Les passagers pri\u00e9s de quitter un circuit seront responsables des frais engag\u00e9s pour leur d\u00e9part et\/ou leur retour dans leur pays d'origine.<\/p>\n<!-- \/wp:paragraph --><!-- wp:heading {\"level\":3} -->\n<h3 class=\"wp-block-heading\"><strong>AVERTISSEMENT<\/strong><\/h3>\n<!-- \/wp:heading --><!-- wp:paragraph -->\n<p>Sentiers du Nepal Pvt. Ltd is not responsible for errors, omissions, or misquotes in brochures, websites, or promotional materials. Contents of promotional documentation, including rates and itinerary, may change without notice.<\/p>\n<!-- \/wp:paragraph -->\t\t\t\t\t\t<\/div>\n\t\t\t\t<\/div>\n\t\t\t\t\t<\/div>\n\t\t\t\t<\/div>\n\t\t\t\t<\/div>","protected":false},"excerpt":{"rendered":"<p>RESERVATIONS, DEPOSITS &amp; PAYMENTS To secure participation, an advance payment of 25% is required at the time of reservation. An additional 50% payment is due 90 days before the trip start date, with the final 25% payable upon arrival in Nepal. For reservations made within 90 days of departure, a 75% advance payment is required, [&hellip;]<\/p>","protected":false},"author":1,"featured_media":659,"parent":0,"menu_order":0,"comment_status":"closed","ping_status":"closed","template":"","meta":{"footnotes":""},"class_list":["post-511","page","type-page","status-publish","has-post-thumbnail","hentry"],"yoast_head":"<!-- This site is optimized with the Yoast SEO plugin v23.3 - https:\/\/yoast.com\/wordpress\/plugins\/seo\/ -->\n<title>Terms and Conditions - Sentiers Du Nepal<\/title>\n<meta name=\"robots\" content=\"index, follow, max-snippet:-1, max-image-preview:large, max-video-preview:-1\" \/>\n<link rel=\"canonical\" href=\"https:\/\/sentiersdunepal.com\/fr\/terms-and-conditions\/\" \/>\n<meta property=\"og:locale\" content=\"fr_FR\" \/>\n<meta property=\"og:type\" content=\"article\" \/>\n<meta property=\"og:title\" content=\"Terms and Conditions - Sentiers Du Nepal\" \/>\n<meta property=\"og:description\" content=\"RESERVATIONS, DEPOSITS &amp; PAYMENTS To secure participation, an advance payment of 25% is required at the time of reservation. An additional 50% payment is due 90 days before the trip start date, with the final 25% payable upon arrival in Nepal. For reservations made within 90 days of departure, a 75% advance payment is required, [&hellip;]\" \/>\n<meta property=\"og:url\" content=\"https:\/\/sentiersdunepal.com\/fr\/terms-and-conditions\/\" \/>\n<meta property=\"og:site_name\" content=\"Sentiers Du Nepal\" \/>\n<meta property=\"article:modified_time\" content=\"2024-08-25T15:06:40+00:00\" \/>\n<meta property=\"og:image\" content=\"https:\/\/sentiersdunepal.com\/wp-content\/uploads\/2024\/08\/pexels-abdulkayum97-25912672-scaled.jpg\" \/>\n\t<meta property=\"og:image:width\" content=\"2560\" \/>\n\t<meta property=\"og:image:height\" content=\"1920\" \/>\n\t<meta property=\"og:image:type\" content=\"image\/jpeg\" \/>\n<meta name=\"twitter:card\" content=\"summary_large_image\" \/>\n<meta name=\"twitter:label1\" content=\"Dur\u00e9e de lecture estim\u00e9e\" \/>\n\t<meta name=\"twitter:data1\" content=\"4 minutes\" \/>\n<script type=\"application\/ld+json\" class=\"yoast-schema-graph\">{\"@context\":\"https:\/\/schema.org\",\"@graph\":[{\"@type\":\"WebPage\",\"@id\":\"https:\/\/sentiersdunepal.com\/terms-and-conditions\/\",\"url\":\"https:\/\/sentiersdunepal.com\/terms-and-conditions\/\",\"name\":\"Terms and Conditions - Sentiers Du Nepal\",\"isPartOf\":{\"@id\":\"https:\/\/sentiersdunepal.com\/#website\"},\"primaryImageOfPage\":{\"@id\":\"https:\/\/sentiersdunepal.com\/terms-and-conditions\/#primaryimage\"},\"image\":{\"@id\":\"https:\/\/sentiersdunepal.com\/terms-and-conditions\/#primaryimage\"},\"thumbnailUrl\":\"https:\/\/sentiersdunepal.com\/wp-content\/uploads\/2024\/08\/pexels-abdulkayum97-25912672-scaled.jpg\",\"datePublished\":\"2024-07-29T17:24:12+00:00\",\"dateModified\":\"2024-08-25T15:06:40+00:00\",\"breadcrumb\":{\"@id\":\"https:\/\/sentiersdunepal.com\/terms-and-conditions\/#breadcrumb\"},\"inLanguage\":\"fr-FR\",\"potentialAction\":[{\"@type\":\"ReadAction\",\"target\":[\"https:\/\/sentiersdunepal.com\/terms-and-conditions\/\"]}]},{\"@type\":\"ImageObject\",\"inLanguage\":\"fr-FR\",\"@id\":\"https:\/\/sentiersdunepal.com\/terms-and-conditions\/#primaryimage\",\"url\":\"https:\/\/sentiersdunepal.com\/wp-content\/uploads\/2024\/08\/pexels-abdulkayum97-25912672-scaled.jpg\",\"contentUrl\":\"https:\/\/sentiersdunepal.com\/wp-content\/uploads\/2024\/08\/pexels-abdulkayum97-25912672-scaled.jpg\",\"width\":2560,\"height\":1920},{\"@type\":\"BreadcrumbList\",\"@id\":\"https:\/\/sentiersdunepal.com\/terms-and-conditions\/#breadcrumb\",\"itemListElement\":[{\"@type\":\"ListItem\",\"position\":1,\"name\":\"Home\",\"item\":\"https:\/\/sentiersdunepal.com\/\"},{\"@type\":\"ListItem\",\"position\":2,\"name\":\"Terms and Conditions\"}]},{\"@type\":\"WebSite\",\"@id\":\"https:\/\/sentiersdunepal.com\/#website\",\"url\":\"https:\/\/sentiersdunepal.com\/\",\"name\":\"Sentier du Nepal\",\"description\":\"\",\"publisher\":{\"@id\":\"https:\/\/sentiersdunepal.com\/#organization\"},\"potentialAction\":[{\"@type\":\"SearchAction\",\"target\":{\"@type\":\"EntryPoint\",\"urlTemplate\":\"https:\/\/sentiersdunepal.com\/?s={search_term_string}\"},\"query-input\":\"required name=search_term_string\"}],\"inLanguage\":\"fr-FR\"},{\"@type\":\"Organization\",\"@id\":\"https:\/\/sentiersdunepal.com\/#organization\",\"name\":\"Sentier du Nepal\",\"url\":\"https:\/\/sentiersdunepal.com\/\",\"logo\":{\"@type\":\"ImageObject\",\"inLanguage\":\"fr-FR\",\"@id\":\"https:\/\/sentiersdunepal.com\/#\/schema\/logo\/image\/\",\"url\":\"https:\/\/sentiersdunepal.com\/wp-content\/uploads\/2024\/06\/cropped-only-logo.png\",\"contentUrl\":\"https:\/\/sentiersdunepal.com\/wp-content\/uploads\/2024\/06\/cropped-only-logo.png\",\"width\":512,\"height\":512,\"caption\":\"Sentier du Nepal\"},\"image\":{\"@id\":\"https:\/\/sentiersdunepal.com\/#\/schema\/logo\/image\/\"}}]}<\/script>\n<!-- \/ Yoast SEO plugin. -->","yoast_head_json":{"title":"Terms and Conditions - Sentiers Du Nepal","robots":{"index":"index","follow":"follow","max-snippet":"max-snippet:-1","max-image-preview":"max-image-preview:large","max-video-preview":"max-video-preview:-1"},"canonical":"https:\/\/sentiersdunepal.com\/fr\/terms-and-conditions\/","og_locale":"fr_FR","og_type":"article","og_title":"Terms and Conditions - Sentiers Du Nepal","og_description":"RESERVATIONS, DEPOSITS &amp; PAYMENTS To secure participation, an advance payment of 25% is required at the time of reservation. An additional 50% payment is due 90 days before the trip start date, with the final 25% payable upon arrival in Nepal. For reservations made within 90 days of departure, a 75% advance payment is required, [&hellip;]","og_url":"https:\/\/sentiersdunepal.com\/fr\/terms-and-conditions\/","og_site_name":"Sentiers Du Nepal","article_modified_time":"2024-08-25T15:06:40+00:00","og_image":[{"width":2560,"height":1920,"url":"https:\/\/sentiersdunepal.com\/wp-content\/uploads\/2024\/08\/pexels-abdulkayum97-25912672-scaled.jpg","type":"image\/jpeg"}],"twitter_card":"summary_large_image","twitter_misc":{"Dur\u00e9e de lecture estim\u00e9e":"4 minutes"},"schema":{"@context":"https:\/\/schema.org","@graph":[{"@type":"WebPage","@id":"https:\/\/sentiersdunepal.com\/terms-and-conditions\/","url":"https:\/\/sentiersdunepal.com\/terms-and-conditions\/","name":"Terms and Conditions - Sentiers Du Nepal","isPartOf":{"@id":"https:\/\/sentiersdunepal.com\/#website"},"primaryImageOfPage":{"@id":"https:\/\/sentiersdunepal.com\/terms-and-conditions\/#primaryimage"},"image":{"@id":"https:\/\/sentiersdunepal.com\/terms-and-conditions\/#primaryimage"},"thumbnailUrl":"https:\/\/sentiersdunepal.com\/wp-content\/uploads\/2024\/08\/pexels-abdulkayum97-25912672-scaled.jpg","datePublished":"2024-07-29T17:24:12+00:00","dateModified":"2024-08-25T15:06:40+00:00","breadcrumb":{"@id":"https:\/\/sentiersdunepal.com\/terms-and-conditions\/#breadcrumb"},"inLanguage":"fr-FR","potentialAction":[{"@type":"ReadAction","target":["https:\/\/sentiersdunepal.com\/terms-and-conditions\/"]}]},{"@type":"ImageObject","inLanguage":"fr-FR","@id":"https:\/\/sentiersdunepal.com\/terms-and-conditions\/#primaryimage","url":"https:\/\/sentiersdunepal.com\/wp-content\/uploads\/2024\/08\/pexels-abdulkayum97-25912672-scaled.jpg","contentUrl":"https:\/\/sentiersdunepal.com\/wp-content\/uploads\/2024\/08\/pexels-abdulkayum97-25912672-scaled.jpg","width":2560,"height":1920},{"@type":"BreadcrumbList","@id":"https:\/\/sentiersdunepal.com\/terms-and-conditions\/#breadcrumb","itemListElement":[{"@type":"ListItem","position":1,"name":"Home","item":"https:\/\/sentiersdunepal.com\/"},{"@type":"ListItem","position":2,"name":"Terms and Conditions"}]},{"@type":"WebSite","@id":"https:\/\/sentiersdunepal.com\/#website","url":"https:\/\/sentiersdunepal.com\/","name":"Sentier du Nepal","description":"","publisher":{"@id":"https:\/\/sentiersdunepal.com\/#organization"},"potentialAction":[{"@type":"SearchAction","target":{"@type":"EntryPoint","urlTemplate":"https:\/\/sentiersdunepal.com\/?s={search_term_string}"},"query-input":"required name=search_term_string"}],"inLanguage":"fr-FR"},{"@type":"Organization","@id":"https:\/\/sentiersdunepal.com\/#organization","name":"Sentier du Nepal","url":"https:\/\/sentiersdunepal.com\/","logo":{"@type":"ImageObject","inLanguage":"fr-FR","@id":"https:\/\/sentiersdunepal.com\/#\/schema\/logo\/image\/","url":"https:\/\/sentiersdunepal.com\/wp-content\/uploads\/2024\/06\/cropped-only-logo.png","contentUrl":"https:\/\/sentiersdunepal.com\/wp-content\/uploads\/2024\/06\/cropped-only-logo.png","width":512,"height":512,"caption":"Sentier du Nepal"},"image":{"@id":"https:\/\/sentiersdunepal.com\/#\/schema\/logo\/image\/"}}]}},"_links":{"self":[{"href":"https:\/\/sentiersdunepal.com\/fr\/wp-json\/wp\/v2\/pages\/511","targetHints":{"allow":["GET"]}}],"collection":[{"href":"https:\/\/sentiersdunepal.com\/fr\/wp-json\/wp\/v2\/pages"}],"about":[{"href":"https:\/\/sentiersdunepal.com\/fr\/wp-json\/wp\/v2\/types\/page"}],"author":[{"embeddable":true,"href":"https:\/\/sentiersdunepal.com\/fr\/wp-json\/wp\/v2\/users\/1"}],"replies":[{"embeddable":true,"href":"https:\/\/sentiersdunepal.com\/fr\/wp-json\/wp\/v2\/comments?post=511"}],"version-history":[{"count":13,"href":"https:\/\/sentiersdunepal.com\/fr\/wp-json\/wp\/v2\/pages\/511\/revisions"}],"predecessor-version":[{"id":815,"href":"https:\/\/sentiersdunepal.com\/fr\/wp-json\/wp\/v2\/pages\/511\/revisions\/815"}],"wp:featuredmedia":[{"embeddable":true,"href":"https:\/\/sentiersdunepal.com\/fr\/wp-json\/wp\/v2\/media\/659"}],"wp:attachment":[{"href":"https:\/\/sentiersdunepal.com\/fr\/wp-json\/wp\/v2\/media?parent=511"}],"curies":[{"name":"wp","href":"https:\/\/api.w.org\/{rel}","templated":true}]}}